{"id":10792,"date":"2026-04-09T16:18:03","date_gmt":"2026-04-09T19:18:03","guid":{"rendered":"https:\/\/amanha.com.br\/lp\/?page_id=10792"},"modified":"2026-05-14T15:34:31","modified_gmt":"2026-05-14T18:34:31","slug":"cenarios-de-amanha","status":"publish","type":"page","link":"https:\/\/amanha.com.br\/lp\/cenarios-de-amanha\/","title":{"rendered":"Cen\u00e1rios de Amanh\u00e3"},"content":{"rendered":"\t\t<div data-elementor-type=\"wp-page\" data-elementor-id=\"10792\" class=\"elementor elementor-10792\" data-elementor-post-type=\"page\">\n\t\t\t\t<div class=\"elementor-element elementor-element-8f1cc0c e-flex e-con-boxed e-con e-parent\" data-id=\"8f1cc0c\" data-element_type=\"container\" data-e-type=\"container\" data-settings=\"{&quot;background_background&quot;:&quot;classic&quot;}\">\n\t\t\t\t\t<div class=\"e-con-inner\">\n\t\t<div class=\"elementor-element elementor-element-de8e5f6 e-con-full e-flex e-con e-child\" data-id=\"de8e5f6\" data-element_type=\"container\" data-e-type=\"container\" data-settings=\"{&quot;background_background&quot;:&quot;classic&quot;}\">\n\t\t<div class=\"elementor-element elementor-element-e847e75 e-flex e-con-boxed e-con e-child\" data-id=\"e847e75\" data-element_type=\"container\" data-e-type=\"container\">\n\t\t\t\t\t<div class=\"e-con-inner\">\n\t\t\t\t<div class=\"elementor-element elementor-element-5d4bbfd elementor-widget elementor-widget-image\" data-id=\"5d4bbfd\" data-element_type=\"widget\" data-e-type=\"widget\" data-widget_type=\"image.default\">\n\t\t\t\t<div class=\"elementor-widget-container\">\n\t\t\t\t\t\t\t\t\t\t\t\t\t\t\t<img decoding=\"async\" width=\"126\" height=\"37\" src=\"https:\/\/amanha.com.br\/lp\/wp-content\/uploads\/2026\/04\/logo-institudo-amanha.png\" class=\"attachment-full size-full wp-image-10799\" alt=\"\" \/>\t\t\t\t\t\t\t\t\t\t\t\t\t\t\t<\/div>\n\t\t\t\t<\/div>\n\t\t\t\t<div class=\"elementor-element elementor-element-e6b0917 elementor-widget elementor-widget-image\" data-id=\"e6b0917\" data-element_type=\"widget\" data-e-type=\"widget\" data-widget_type=\"image.default\">\n\t\t\t\t<div class=\"elementor-widget-container\">\n\t\t\t\t\t\t\t\t\t\t\t\t\t\t\t<img fetchpriority=\"high\" decoding=\"async\" width=\"528\" height=\"187\" src=\"https:\/\/amanha.com.br\/lp\/wp-content\/uploads\/2026\/04\/title-rio-grande-do-sul.png\" class=\"attachment-full size-full wp-image-10798\" alt=\"\" srcset=\"https:\/\/amanha.com.br\/lp\/wp-content\/uploads\/2026\/04\/title-rio-grande-do-sul.png.webp 528w, https:\/\/amanha.com.br\/lp\/wp-content\/uploads\/2026\/04\/title-rio-grande-do-sul-300x106.png.webp 300w\" sizes=\"(max-width: 528px) 100vw, 528px\" \/>\t\t\t\t\t\t\t\t\t\t\t\t\t\t\t<\/div>\n\t\t\t\t<\/div>\n\t\t\t\t\t<\/div>\n\t\t\t\t<\/div>\n\t\t<div class=\"elementor-element elementor-element-0e85d67 e-flex e-con-boxed e-con e-child\" data-id=\"0e85d67\" data-element_type=\"container\" data-e-type=\"container\">\n\t\t\t\t\t<div class=\"e-con-inner\">\n\t\t\t\t<div class=\"elementor-element elementor-element-e2ad8d4 elementor-widget elementor-widget-image\" data-id=\"e2ad8d4\" data-element_type=\"widget\" data-e-type=\"widget\" data-widget_type=\"image.default\">\n\t\t\t\t<div class=\"elementor-widget-container\">\n\t\t\t\t\t\t\t\t\t\t\t\t\t\t\t<img decoding=\"async\" width=\"754\" height=\"667\" src=\"https:\/\/amanha.com.br\/lp\/wp-content\/uploads\/2026\/04\/logo.png\" class=\"attachment-full size-full wp-image-10800\" alt=\"\" srcset=\"https:\/\/amanha.com.br\/lp\/wp-content\/uploads\/2026\/04\/logo.png.webp 754w, https:\/\/amanha.com.br\/lp\/wp-content\/uploads\/2026\/04\/logo-300x265.png.webp 300w\" sizes=\"(max-width: 754px) 100vw, 754px\" \/>\t\t\t\t\t\t\t\t\t\t\t\t\t\t\t<\/div>\n\t\t\t\t<\/div>\n\t\t\t\t\t<\/div>\n\t\t\t\t<\/div>\n\t\t\t\t<\/div>\n\t\t<div class=\"elementor-element elementor-element-74b6a06 e-flex e-con-boxed e-con e-child\" data-id=\"74b6a06\" data-element_type=\"container\" data-e-type=\"container\" data-settings=\"{&quot;background_background&quot;:&quot;classic&quot;}\">\n\t\t\t\t\t<div class=\"e-con-inner\">\n\t\t<div class=\"elementor-element elementor-element-fa2d12d e-flex e-con-boxed e-con e-child\" data-id=\"fa2d12d\" data-element_type=\"container\" data-e-type=\"container\" data-settings=\"{&quot;background_background&quot;:&quot;classic&quot;}\">\n\t\t\t\t\t<div class=\"e-con-inner\">\n\t\t<div class=\"elementor-element elementor-element-3f2222a e-con-full e-flex e-con e-child\" data-id=\"3f2222a\" data-element_type=\"container\" data-e-type=\"container\">\n\t\t\t\t<div class=\"elementor-element elementor-element-b0d8ebf elementor-widget elementor-widget-image\" data-id=\"b0d8ebf\" data-element_type=\"widget\" data-e-type=\"widget\" data-widget_type=\"image.default\">\n\t\t\t\t<div class=\"elementor-widget-container\">\n\t\t\t\t\t\t\t\t\t\t\t\t\t\t\t<img loading=\"lazy\" decoding=\"async\" width=\"800\" height=\"113\" src=\"https:\/\/amanha.com.br\/lp\/wp-content\/uploads\/2026\/05\/logos-site-cenarios-copiar.png\" class=\"attachment-large size-large wp-image-12224\" alt=\"\" srcset=\"https:\/\/amanha.com.br\/lp\/wp-content\/uploads\/2026\/05\/logos-site-cenarios-copiar.png.webp 1024w, https:\/\/amanha.com.br\/lp\/wp-content\/uploads\/2026\/05\/logos-site-cenarios-copiar-300x42.png.webp 300w, https:\/\/amanha.com.br\/lp\/wp-content\/uploads\/2026\/05\/logos-site-cenarios-copiar-768x108.png.webp 768w\" sizes=\"(max-width: 800px) 100vw, 800px\" \/>\t\t\t\t\t\t\t\t\t\t\t\t\t\t\t<\/div>\n\t\t\t\t<\/div>\n\t\t\t\t<\/div>\n\t\t\t\t\t<\/div>\n\t\t\t\t<\/div>\n\t\t\t\t\t<\/div>\n\t\t\t\t<\/div>\n\t\t<div class=\"elementor-element elementor-element-775d761 e-con-full e-flex e-con e-child\" data-id=\"775d761\" data-element_type=\"container\" data-e-type=\"container\" data-settings=\"{&quot;background_background&quot;:&quot;classic&quot;}\">\n\t\t<div class=\"elementor-element elementor-element-0547962 e-flex e-con-boxed e-con e-child\" data-id=\"0547962\" data-element_type=\"container\" data-e-type=\"container\">\n\t\t\t\t\t<div class=\"e-con-inner\">\n\t\t<div class=\"elementor-element elementor-element-97d7184 e-con-full e-flex e-con e-child\" data-id=\"97d7184\" data-element_type=\"container\" data-e-type=\"container\">\n\t\t\t\t<div class=\"elementor-element elementor-element-d0f70f8 elementor-widget__width-initial elementor-widget elementor-widget-heading\" data-id=\"d0f70f8\" data-element_type=\"widget\" data-e-type=\"widget\" data-widget_type=\"heading.default\">\n\t\t\t\t<div class=\"elementor-widget-container\">\n\t\t\t\t\t<h2 class=\"elementor-heading-title elementor-size-default\">Cen\u00e1rios de AMANH\u00c3\n2016 - 2026<\/h2>\t\t\t\t<\/div>\n\t\t\t\t<\/div>\n\t\t\t\t<div class=\"elementor-element elementor-element-895c1e9 elementor-widget elementor-widget-text-editor\" data-id=\"895c1e9\" data-element_type=\"widget\" data-e-type=\"widget\" data-widget_type=\"text-editor.default\">\n\t\t\t\t<div class=\"elementor-widget-container\">\n\t\t\t\t\t\t\t\t\t<p>Mais do que observar o passado, o projeto quer compreender como o Estado \u2014 por meio de suas pol\u00edticas p\u00fablicas, lideran\u00e7as, setores produtivos e solu\u00e7\u00f5es inovadoras \u2014 est\u00e1 construindo os alicerces de um futuro mais resiliente, competitivo e sustent\u00e1vel. E como essa agenda p\u00fablica dialoga, inspira e convoca empresas, investidores e institui\u00e7\u00f5es a participarem ativamente da reinven\u00e7\u00e3o do Rio Grande do Sul.\u00a0<\/p>\t\t\t\t\t\t\t\t<\/div>\n\t\t\t\t<\/div>\n\t\t\t\t<\/div>\n\t\t<div class=\"elementor-element elementor-element-cfcb942 e-con-full e-flex e-con e-child\" data-id=\"cfcb942\" data-element_type=\"container\" data-e-type=\"container\">\n\t\t\t\t<div class=\"elementor-element elementor-element-c58a1b0 elementor-widget elementor-widget-image\" data-id=\"c58a1b0\" data-element_type=\"widget\" data-e-type=\"widget\" data-widget_type=\"image.default\">\n\t\t\t\t<div class=\"elementor-widget-container\">\n\t\t\t\t\t\t\t\t\t\t\t\t\t\t\t<img loading=\"lazy\" decoding=\"async\" width=\"439\" height=\"629\" src=\"https:\/\/amanha.com.br\/lp\/wp-content\/uploads\/2026\/04\/mock-magazine.png\" class=\"attachment-full size-full wp-image-10797\" alt=\"\" srcset=\"https:\/\/amanha.com.br\/lp\/wp-content\/uploads\/2026\/04\/mock-magazine.png.webp 439w, https:\/\/amanha.com.br\/lp\/wp-content\/uploads\/2026\/04\/mock-magazine-209x300.png.webp 209w\" sizes=\"(max-width: 439px) 100vw, 439px\" \/>\t\t\t\t\t\t\t\t\t\t\t\t\t\t\t<\/div>\n\t\t\t\t<\/div>\n\t\t\t\t<\/div>\n\t\t\t\t\t<\/div>\n\t\t\t\t<\/div>\n\t\t\t\t<\/div>\n\t\t<div class=\"elementor-element elementor-element-b9e7ea3 e-con-full e-flex e-con e-child\" data-id=\"b9e7ea3\" data-element_type=\"container\" data-e-type=\"container\" data-settings=\"{&quot;background_background&quot;:&quot;classic&quot;}\">\n\t\t<div class=\"elementor-element elementor-element-441bc42 e-con-full e-flex e-con e-child\" data-id=\"441bc42\" data-element_type=\"container\" data-e-type=\"container\">\n\t\t<div class=\"elementor-element elementor-element-3df1b7f e-con-full e-flex e-con e-child\" data-id=\"3df1b7f\" data-element_type=\"container\" data-e-type=\"container\">\n\t\t\t\t<div class=\"elementor-element elementor-element-2a6af89 elementor-widget__width-initial elementor-widget elementor-widget-heading\" data-id=\"2a6af89\" data-element_type=\"widget\" data-e-type=\"widget\" data-widget_type=\"heading.default\">\n\t\t\t\t<div class=\"elementor-widget-container\">\n\t\t\t\t\t<h2 class=\"elementor-heading-title elementor-size-default\">Os dez anos que sacudiram o Estado ga\u00facho!<\/h2>\t\t\t\t<\/div>\n\t\t\t\t<\/div>\n\t\t\t\t<\/div>\n\t\t\t\t<\/div>\n\t\t<div class=\"elementor-element elementor-element-c4774fa e-con-full e-flex e-con e-child\" data-id=\"c4774fa\" data-element_type=\"container\" data-e-type=\"container\">\n\t\t<div class=\"elementor-element elementor-element-e6689e7 e-con-full e-flex e-con e-child\" data-id=\"e6689e7\" data-element_type=\"container\" data-e-type=\"container\">\n\t\t\t\t<div class=\"elementor-element elementor-element-12f52e2 elementor-widget elementor-widget-image\" data-id=\"12f52e2\" data-element_type=\"widget\" data-e-type=\"widget\" data-widget_type=\"image.default\">\n\t\t\t\t<div class=\"elementor-widget-container\">\n\t\t\t\t\t\t\t\t\t\t\t\t\t\t\t<img loading=\"lazy\" decoding=\"async\" width=\"341\" height=\"493\" src=\"https:\/\/amanha.com.br\/lp\/wp-content\/uploads\/2026\/04\/mock-books.png\" class=\"attachment-full size-full wp-image-10803\" alt=\"\" srcset=\"https:\/\/amanha.com.br\/lp\/wp-content\/uploads\/2026\/04\/mock-books.png.webp 341w, https:\/\/amanha.com.br\/lp\/wp-content\/uploads\/2026\/04\/mock-books-208x300.png.webp 208w\" sizes=\"(max-width: 341px) 100vw, 341px\" \/>\t\t\t\t\t\t\t\t\t\t\t\t\t\t\t<\/div>\n\t\t\t\t<\/div>\n\t\t\t\t<\/div>\n\t\t<div class=\"elementor-element elementor-element-28399a0 e-con-full e-flex e-con e-child\" data-id=\"28399a0\" data-element_type=\"container\" data-e-type=\"container\">\n\t\t\t\t<div class=\"elementor-element elementor-element-7688143 elementor-widget elementor-widget-text-editor\" data-id=\"7688143\" data-element_type=\"widget\" data-e-type=\"widget\" data-widget_type=\"text-editor.default\">\n\t\t\t\t<div class=\"elementor-widget-container\">\n\t\t\t\t\t\t\t\t\t<p>O projeto Cen\u00e1rios de AMANH\u00c3 vai mostrar e analisar mais um per\u00edodo do desenvolvimento econ\u00f4mico e social do Rio Grande do Sul. Desta vez, o foco ser\u00e3o os dez \u00faltimos anos 2016 | 2026. Uma d\u00e9cada emblem\u00e1tica, em que al\u00e9m do desafio da crise estrutural da d\u00edvida p\u00fablica, e baixa capacidade de investimento, o Estado sofreu &#8211; como todo o planeta &#8211; a terr\u00edvel epidemia de Covid. J\u00e1 as mudan\u00e7as clim\u00e1ticas, que produziram secas e cheias recorrentes, culminaram por provocar a maior e mais devastadora enchente de todos os tempos.<\/p>\t\t\t\t\t\t\t\t<\/div>\n\t\t\t\t<\/div>\n\t\t\t\t<\/div>\n\t\t\t\t<\/div>\n\t\t\t\t<\/div>\n\t\t<div class=\"elementor-element elementor-element-a9d77ec e-con-full e-flex e-con e-child\" data-id=\"a9d77ec\" data-element_type=\"container\" data-e-type=\"container\" data-settings=\"{&quot;background_background&quot;:&quot;classic&quot;}\">\n\t\t<div class=\"elementor-element elementor-element-17af4ea e-con-full e-flex e-con e-child\" data-id=\"17af4ea\" data-element_type=\"container\" data-e-type=\"container\">\n\t\t<div class=\"elementor-element elementor-element-9af12ff e-con-full e-flex e-con e-child\" data-id=\"9af12ff\" data-element_type=\"container\" data-e-type=\"container\">\n\t\t\t\t<div class=\"elementor-element elementor-element-ebdfe6c elementor-widget__width-initial elementor-widget elementor-widget-heading\" data-id=\"ebdfe6c\" data-element_type=\"widget\" data-e-type=\"widget\" data-widget_type=\"heading.default\">\n\t\t\t\t<div class=\"elementor-widget-container\">\n\t\t\t\t\t<h2 class=\"elementor-heading-title elementor-size-default\">O EVENTO<\/h2>\t\t\t\t<\/div>\n\t\t\t\t<\/div>\n\t\t\t\t<div class=\"elementor-element elementor-element-ca4af9b elementor-gallery--filter-align-center elementor-widget elementor-widget-gallery\" data-id=\"ca4af9b\" data-element_type=\"widget\" data-e-type=\"widget\" data-settings=\"{&quot;columns&quot;:6,&quot;aspect_ratio&quot;:&quot;1:1&quot;,&quot;lazyload&quot;:&quot;yes&quot;,&quot;gallery_layout&quot;:&quot;grid&quot;,&quot;columns_tablet&quot;:2,&quot;columns_mobile&quot;:1,&quot;gap&quot;:{&quot;unit&quot;:&quot;px&quot;,&quot;size&quot;:10,&quot;sizes&quot;:[]},&quot;gap_tablet&quot;:{&quot;unit&quot;:&quot;px&quot;,&quot;size&quot;:10,&quot;sizes&quot;:[]},&quot;gap_mobile&quot;:{&quot;unit&quot;:&quot;px&quot;,&quot;size&quot;:10,&quot;sizes&quot;:[]},&quot;link_to&quot;:&quot;file&quot;,&quot;show_all_galleries&quot;:&quot;yes&quot;,&quot;overlay_background&quot;:&quot;yes&quot;,&quot;content_hover_animation&quot;:&quot;fade-in&quot;}\" data-widget_type=\"gallery.default\">\n\t\t\t\t<div class=\"elementor-widget-container\">\n\t\t\t\t\t\t\t\t<div class=\"elementor-gallery__titles-container e--pointer-underline e--animation-fade\" aria-label=\"Filtro de galeria\">\n\t\t\t\t\t\t\t\t\t<a class=\"elementor-item elementor-gallery-title\" role=\"button\" tabindex=\"0\" data-gallery-index=\"all\">\n\t\t\t\t\t\tTodos\t\t\t\t\t<\/a>\n\t\t\t\t\n\t\t\t\t\t\t\t\t\t<a class=\"elementor-item elementor-gallery-title\" role=\"button\" tabindex=\"0\" data-gallery-index=\"0\">\n\t\t\t\t\t\t\t\t\t\t\t<\/a>\n\t\t\t\t\t\t\t\t<\/div>\n\t\t\t\t\t<div class=\"elementor-gallery__container\">\n\t\t\t\t\t\t\t<a class=\"e-gallery-item elementor-gallery-item elementor-animated-content\" data-e-gallery-tags=\"0\" href=\"https:\/\/amanha.com.br\/lp\/wp-content\/uploads\/2026\/04\/bg-foto.jpg\" data-elementor-open-lightbox=\"yes\" data-elementor-lightbox-slideshow=\"ca4af9b\" data-elementor-lightbox-title=\"bg-foto\" data-e-action-hash=\"#elementor-action%3Aaction%3Dlightbox%26settings%3DeyJpZCI6MTA4MzQsInVybCI6Imh0dHBzOlwvXC9hbWFuaGEuY29tLmJyXC9scFwvd3AtY29udGVudFwvdXBsb2Fkc1wvMjAyNlwvMDRcL2JnLWZvdG8uanBnIiwic2xpZGVzaG93IjoiY2E0YWY5YiJ9\">\n\t\t\t\t\t<div class=\"e-gallery-image elementor-gallery-item__image\" data-thumbnail=\"https:\/\/amanha.com.br\/lp\/wp-content\/uploads\/2026\/04\/bg-foto.jpg\" data-width=\"232\" data-height=\"212\" aria-label=\"\" role=\"img\" ><\/div>\n\t\t\t\t\t\t\t\t\t\t\t<div class=\"elementor-gallery-item__overlay\"><\/div>\n\t\t\t\t\t\t\t\t\t\t\t\t\t\t<\/a>\n\t\t\t\t\t<\/div>\n\t\t\t\t\t<\/div>\n\t\t\t\t<\/div>\n\t\t\t\t<\/div>\n\t\t\t\t<\/div>\n\t\t\t\t<\/div>\n\t\t<div class=\"elementor-element elementor-element-9431fca e-con-full e-flex e-con e-child\" data-id=\"9431fca\" data-element_type=\"container\" data-e-type=\"container\" data-settings=\"{&quot;background_background&quot;:&quot;classic&quot;}\">\n\t\t<div class=\"elementor-element elementor-element-b9a2c27 e-con-full e-flex e-con e-child\" data-id=\"b9a2c27\" data-element_type=\"container\" data-e-type=\"container\">\n\t\t<div class=\"elementor-element elementor-element-0070ddb e-con-full e-flex e-con e-child\" data-id=\"0070ddb\" data-element_type=\"container\" data-e-type=\"container\">\n\t\t\t\t<div class=\"elementor-element elementor-element-91ccef6 elementor-widget__width-initial elementor-widget elementor-widget-heading\" data-id=\"91ccef6\" data-element_type=\"widget\" data-e-type=\"widget\" data-widget_type=\"heading.default\">\n\t\t\t\t<div class=\"elementor-widget-container\">\n\t\t\t\t\t<h2 class=\"elementor-heading-title elementor-size-default\">SUMMIT<\/h2>\t\t\t\t<\/div>\n\t\t\t\t<\/div>\n\t\t\t\t<\/div>\n\t\t\t\t<\/div>\n\t\t\t\t<\/div>\n\t\t<div class=\"elementor-element elementor-element-b3e3fd9 e-con-full e-flex e-con e-child\" data-id=\"b3e3fd9\" data-element_type=\"container\" data-e-type=\"container\" data-settings=\"{&quot;background_background&quot;:&quot;classic&quot;}\">\n\t\t<div class=\"elementor-element elementor-element-f8ad585 e-con-full e-flex e-con e-child\" data-id=\"f8ad585\" data-element_type=\"container\" data-e-type=\"container\">\n\t\t<div class=\"elementor-element elementor-element-fb1add3 e-con-full e-flex e-con e-child\" data-id=\"fb1add3\" data-element_type=\"container\" data-e-type=\"container\">\n\t\t\t\t<div class=\"elementor-element elementor-element-a0e9673 elementor-widget__width-initial elementor-widget elementor-widget-heading\" data-id=\"a0e9673\" data-element_type=\"widget\" data-e-type=\"widget\" data-widget_type=\"heading.default\">\n\t\t\t\t<div class=\"elementor-widget-container\">\n\t\t\t\t\t<h2 class=\"elementor-heading-title elementor-size-default\">Entrevistas Cen\u00e1rios de AMANH\u00c3<\/h2>\t\t\t\t<\/div>\n\t\t\t\t<\/div>\n\t\t<div class=\"elementor-element elementor-element-92e1fc5 e-con-full e-flex e-con e-child\" data-id=\"92e1fc5\" data-element_type=\"container\" data-e-type=\"container\">\n\t\t<div class=\"elementor-element elementor-element-33e712a e-grid e-con-full e-con e-child\" data-id=\"33e712a\" data-element_type=\"container\" data-e-type=\"container\">\n\t\t\t\t<\/div>\n\t\t\t\t<\/div>\n\t\t\t\t<\/div>\n\t\t\t\t<\/div>\n\t\t\t\t<\/div>\n\t\t<div class=\"elementor-element elementor-element-8cd00ab e-con-full e-flex e-con e-child\" data-id=\"8cd00ab\" data-element_type=\"container\" data-e-type=\"container\" data-settings=\"{&quot;background_background&quot;:&quot;classic&quot;}\">\n\t\t<div class=\"elementor-element elementor-element-e9c1d3b e-flex e-con-boxed e-con e-child\" data-id=\"e9c1d3b\" data-element_type=\"container\" data-e-type=\"container\" data-settings=\"{&quot;background_background&quot;:&quot;classic&quot;}\">\n\t\t\t\t\t<div class=\"e-con-inner\">\n\t\t<div class=\"elementor-element elementor-element-0495314 e-con-full e-flex e-con e-child\" data-id=\"0495314\" data-element_type=\"container\" data-e-type=\"container\">\n\t\t\t\t<div class=\"elementor-element elementor-element-9815750 elementor-widget elementor-widget-image\" data-id=\"9815750\" data-element_type=\"widget\" data-e-type=\"widget\" data-widget_type=\"image.default\">\n\t\t\t\t<div class=\"elementor-widget-container\">\n\t\t\t\t\t\t\t\t\t\t\t\t\t\t\t<img loading=\"lazy\" decoding=\"async\" width=\"800\" height=\"113\" src=\"https:\/\/amanha.com.br\/lp\/wp-content\/uploads\/2026\/05\/logos-site-cenarios-copiar.png\" class=\"attachment-large size-large wp-image-12224\" alt=\"\" srcset=\"https:\/\/amanha.com.br\/lp\/wp-content\/uploads\/2026\/05\/logos-site-cenarios-copiar.png.webp 1024w, https:\/\/amanha.com.br\/lp\/wp-content\/uploads\/2026\/05\/logos-site-cenarios-copiar-300x42.png.webp 300w, https:\/\/amanha.com.br\/lp\/wp-content\/uploads\/2026\/05\/logos-site-cenarios-copiar-768x108.png.webp 768w\" sizes=\"(max-width: 800px) 100vw, 800px\" \/>\t\t\t\t\t\t\t\t\t\t\t\t\t\t\t<\/div>\n\t\t\t\t<\/div>\n\t\t\t\t<\/div>\n\t\t\t\t\t<\/div>\n\t\t\t\t<\/div>\n\t\t\t\t<\/div>\n\t\t\t\t\t<\/div>\n\t\t\t\t<\/div>\n\t\t\t\t<\/div>\n\t\t","protected":false},"excerpt":{"rendered":"<p>Cen\u00e1rios de AMANH\u00c3 2016 &#8211; 2026 Mais do que observar o passado, o projeto quer compreender como o Estado \u2014 por meio de suas pol\u00edticas p\u00fablicas, lideran\u00e7as, setores produtivos e solu\u00e7\u00f5es inovadoras \u2014 est\u00e1 construindo os alicerces de um futuro mais resiliente, competitivo e sustent\u00e1vel. E como essa agenda p\u00fablica dialoga, inspira e convoca empresas, [&hellip;]<\/p>\n","protected":false},"author":1,"featured_media":7597,"parent":0,"menu_order":0,"comment_status":"closed","ping_status":"closed","template":"","meta":{"inline_featured_image":false,"footnotes":""},"class_list":["post-10792","page","type-page","status-publish","has-post-thumbnail","hentry"],"_links":{"self":[{"href":"https:\/\/amanha.com.br\/lp\/wp-json\/wp\/v2\/pages\/10792","targetHints":{"allow":["GET"]}}],"collection":[{"href":"https:\/\/amanha.com.br\/lp\/wp-json\/wp\/v2\/pages"}],"about":[{"href":"https:\/\/amanha.com.br\/lp\/wp-json\/wp\/v2\/types\/page"}],"author":[{"embeddable":true,"href":"https:\/\/amanha.com.br\/lp\/wp-json\/wp\/v2\/users\/1"}],"replies":[{"embeddable":true,"href":"https:\/\/amanha.com.br\/lp\/wp-json\/wp\/v2\/comments?post=10792"}],"version-history":[{"count":44,"href":"https:\/\/amanha.com.br\/lp\/wp-json\/wp\/v2\/pages\/10792\/revisions"}],"predecessor-version":[{"id":12252,"href":"https:\/\/amanha.com.br\/lp\/wp-json\/wp\/v2\/pages\/10792\/revisions\/12252"}],"wp:featuredmedia":[{"embeddable":true,"href":"https:\/\/amanha.com.br\/lp\/wp-json\/wp\/v2\/media\/7597"}],"wp:attachment":[{"href":"https:\/\/amanha.com.br\/lp\/wp-json\/wp\/v2\/media?parent=10792"}],"curies":[{"name":"wp","href":"https:\/\/api.w.org\/{rel}","templated":true}]}}